{"id":4,"date":"2023-07-31T14:25:12","date_gmt":"2023-07-31T14:25:12","guid":{"rendered":"http:\/\/kehler-bulle.de\/willkommen-auf-http-kehler-bulle-de\/"},"modified":"2023-08-04T09:21:38","modified_gmt":"2023-08-04T09:21:38","slug":"willkommen-auf-http-kehler-bulle-de","status":"publish","type":"page","link":"https:\/\/kehler-bulle.de\/","title":{"rendered":""},"content":{"rendered":"\n<figure class=\"wp-block-image size-large\"><img decoding=\"async\" loading=\"lazy\" width=\"791\" height=\"1024\" src=\"https:\/\/kehler-bulle.de\/wp-content\/uploads\/2023\/08\/Mein-Projekt-1-791x1024.png\" alt=\"\" class=\"wp-image-70\" srcset=\"https:\/\/kehler-bulle.de\/wp-content\/uploads\/2023\/08\/Mein-Projekt-1-791x1024.png 791w, https:\/\/kehler-bulle.de\/wp-content\/uploads\/2023\/08\/Mein-Projekt-1-232x300.png 232w, https:\/\/kehler-bulle.de\/wp-content\/uploads\/2023\/08\/Mein-Projekt-1-768x994.png 768w, https:\/\/kehler-bulle.de\/wp-content\/uploads\/2023\/08\/Mein-Projekt-1-1187x1536.png 1187w, https:\/\/kehler-bulle.de\/wp-content\/uploads\/2023\/08\/Mein-Projekt-1-1583x2048.png 1583w\" sizes=\"(max-width: 791px) 100vw, 791px\" \/><\/figure>\n\n\n\n<hr class=\"wp-block-separator has-alpha-channel-opacity\"\/>\n\n\n\n<figure class=\"wp-block-image size-large\"><a href=\"https:\/\/www.hs-kehl.de\/fileadmin\/hsk\/Presse\/Dokumente\/PDF\/Klartext\/Klartext_1_15.pdf\"><img decoding=\"async\" loading=\"lazy\" width=\"1024\" height=\"835\" src=\"https:\/\/kehler-bulle.de\/wp-content\/uploads\/2023\/08\/KehlerBulle_Klartext_1_15-1024x835.jpg\" alt=\"\" class=\"wp-image-64\" srcset=\"https:\/\/kehler-bulle.de\/wp-content\/uploads\/2023\/08\/KehlerBulle_Klartext_1_15-1024x835.jpg 1024w, https:\/\/kehler-bulle.de\/wp-content\/uploads\/2023\/08\/KehlerBulle_Klartext_1_15-300x245.jpg 300w, https:\/\/kehler-bulle.de\/wp-content\/uploads\/2023\/08\/KehlerBulle_Klartext_1_15-768x626.jpg 768w, https:\/\/kehler-bulle.de\/wp-content\/uploads\/2023\/08\/KehlerBulle_Klartext_1_15-1536x1252.jpg 1536w, https:\/\/kehler-bulle.de\/wp-content\/uploads\/2023\/08\/KehlerBulle_Klartext_1_15-2048x1670.jpg 2048w\" sizes=\"(max-width: 1024px) 100vw, 1024px\" \/><\/a><figcaption class=\"wp-element-caption\">Klartext 1\/2015 &#8211; Zeitung der Hochschule Kehl<\/figcaption><\/figure>\n\n\n\n<hr class=\"wp-block-separator has-alpha-channel-opacity\"\/>\n\n\n\n<h4 class=\"wp-block-heading\">6 Absolventen der Hochschule Kehl, die B\u00fcrgermeister werden wollten<\/h4>\n\n\n\n<p><strong>Baden-W\u00fcrttemberg kommunal von Nord nach S\u00fcd<br><\/strong><br>2006 bei der Diplomierungsfeier an der Hochschule f\u00fcr \u00f6ffentliche Verwaltung in Kehl\/Rhein unterzeichneten Steffen He\u00df, Sven Holder, Ulrich Krieger, Damian Komor, Thomas Sch\u00e4fer und Daniel Steiner die sog. \u201eKehler Bulle\u201c ein gedichteter Text, in dem von allen Unterzeichner der Wunsch zum Ausdruck kam, einmal B\u00fcrgermeister zu werden, aber auch das an der Hochschule entstandene Netzwerk zu nutzen, um sich im Verwaltungsalltag zu unterst\u00fctzen und sich beim Wahlkampf hilfreich zur Seite zu stehen.<\/p>\n\n\n\n<p>Ulrich Krieger macht den Anfang und wurde 2009 in Laufenburg (Baden), Landkreis Waldshut gew\u00e4hlt. Daniel Steiner folgte im Januar 2010 in Wolpertswende (Landkreis Ravenburg), Damian Komor und Thomas Sch\u00e4fer wurden im Februar 2010 in Mainhardt (Landkreis Schw\u00e4bisch Hall) und Hemmingen (Landkreis Ludwigsburg) gew\u00e4hlt.<\/p>\n\n\n\n<p>Im April 2012 w\u00e4hlte Gomaringen (Landkreis T\u00fcbingen) Steffen He\u00df zum B\u00fcrgermeister. Das Sextett komplettierte dann Sven Holder, der im November 2014 zum B\u00fcrgermeister der Gemeinde Egenhausen (Landkreis Calw) gew\u00e4hlt wurde.<\/p>\n\n\n\n<p>2011 war das erste Treffen von Damian Komor organisiert worden, bei dem er seine Gemeinde und die aktuellen Projekte seinen Mitstreitern vorstellte. In den Folgejahren waren Hemmingen, der damalige Arbeitsort von Sven Holder als Bauamtsleiter, Pfalzgrafenweiler, Gomaringen, Wolpertswende und Laufenburg Anlaufstelle f\u00fcr jeweils 1,5 prall gef\u00fcllte Tage am Wochenende mit intensivem kommunalpolitischen Austausch \u00fcber die lokalen Besonderheiten, regionalen Problemstellungen und landesweit zu bewerkstelligende Aufgaben.<\/p>\n\n\n\n<p>In der Zwischenzeit sind alle sechs Mitglieder der &#8222;Kehler Bulle&#8220; in ihrem B\u00fcrgermeister-Amt best\u00e4tigt worden und die Tradition des j\u00e4hrlichen Treffens mit intensivem Austausch \u00fcber kommunalpolitische Themen wird fortgesetzt.<\/p>\n\n\n\n<hr class=\"wp-block-separator has-alpha-channel-opacity\"\/>\n\n\n\n<p>Der Text der &#8222;Kehler Bulle&#8220;:<\/p>\n\n\n\n<figure class=\"wp-block-image size-large\"><img decoding=\"async\" loading=\"lazy\" width=\"741\" height=\"1024\" src=\"https:\/\/kehler-bulle.de\/wp-content\/uploads\/2023\/07\/kehler_bulle_text_1-741x1024.jpg\" alt=\"\" class=\"wp-image-39\" srcset=\"https:\/\/kehler-bulle.de\/wp-content\/uploads\/2023\/07\/kehler_bulle_text_1-741x1024.jpg 741w, https:\/\/kehler-bulle.de\/wp-content\/uploads\/2023\/07\/kehler_bulle_text_1-217x300.jpg 217w, https:\/\/kehler-bulle.de\/wp-content\/uploads\/2023\/07\/kehler_bulle_text_1-768x1061.jpg 768w, https:\/\/kehler-bulle.de\/wp-content\/uploads\/2023\/07\/kehler_bulle_text_1-1112x1536.jpg 1112w, https:\/\/kehler-bulle.de\/wp-content\/uploads\/2023\/07\/kehler_bulle_text_1-1483x2048.jpg 1483w, https:\/\/kehler-bulle.de\/wp-content\/uploads\/2023\/07\/kehler_bulle_text_1-scaled.jpg 1854w\" sizes=\"(max-width: 741px) 100vw, 741px\" \/><\/figure>\n\n\n\n<figure class=\"wp-block-image size-large\"><img decoding=\"async\" loading=\"lazy\" width=\"748\" height=\"1024\" src=\"https:\/\/kehler-bulle.de\/wp-content\/uploads\/2023\/07\/kehler_bulle_text_2-748x1024.jpg\" alt=\"\" class=\"wp-image-40\" srcset=\"https:\/\/kehler-bulle.de\/wp-content\/uploads\/2023\/07\/kehler_bulle_text_2-748x1024.jpg 748w, https:\/\/kehler-bulle.de\/wp-content\/uploads\/2023\/07\/kehler_bulle_text_2-219x300.jpg 219w, https:\/\/kehler-bulle.de\/wp-content\/uploads\/2023\/07\/kehler_bulle_text_2-768x1051.jpg 768w, https:\/\/kehler-bulle.de\/wp-content\/uploads\/2023\/07\/kehler_bulle_text_2-1122x1536.jpg 1122w, https:\/\/kehler-bulle.de\/wp-content\/uploads\/2023\/07\/kehler_bulle_text_2-1496x2048.jpg 1496w, https:\/\/kehler-bulle.de\/wp-content\/uploads\/2023\/07\/kehler_bulle_text_2-scaled.jpg 1870w\" sizes=\"(max-width: 748px) 100vw, 748px\" \/><\/figure>\n\n\n\n<hr class=\"wp-block-separator has-alpha-channel-opacity\"\/>\n\n\n\n<p class=\"has-text-align-center\"><a href=\"https:\/\/kehler-bulle.de\/?page_id=74\" data-type=\"page\" data-id=\"74\">Impressum<\/a><\/p>\n","protected":false},"excerpt":{"rendered":"<p>6 Absolventen der Hochschule Kehl, die B\u00fcrgermeister werden wollten Baden-W\u00fcrttemberg kommunal von Nord nach S\u00fcd2006 bei der Diplomierungsfeier an der Hochschule f\u00fcr \u00f6ffentliche Verwaltung in Kehl\/Rhein unterzeichneten Steffen He\u00df, Sven Holder, Ulrich Krieger, Damian Komor, Thomas Sch\u00e4fer und Daniel Steiner die sog. \u201eKehler Bulle\u201c ein gedichteter Text, in dem von allen Unterzeichner der Wunsch zum [&hellip;]<\/p>\n","protected":false},"author":1,"featured_media":0,"parent":0,"menu_order":0,"comment_status":"closed","ping_status":"closed","template":"","meta":[],"_links":{"self":[{"href":"https:\/\/kehler-bulle.de\/index.php?rest_route=\/wp\/v2\/pages\/4"}],"collection":[{"href":"https:\/\/kehler-bulle.de\/index.php?rest_route=\/wp\/v2\/pages"}],"about":[{"href":"https:\/\/kehler-bulle.de\/index.php?rest_route=\/wp\/v2\/types\/page"}],"author":[{"embeddable":true,"href":"https:\/\/kehler-bulle.de\/index.php?rest_route=\/wp\/v2\/users\/1"}],"replies":[{"embeddable":true,"href":"https:\/\/kehler-bulle.de\/index.php?rest_route=%2Fwp%2Fv2%2Fcomments&post=4"}],"version-history":[{"count":11,"href":"https:\/\/kehler-bulle.de\/index.php?rest_route=\/wp\/v2\/pages\/4\/revisions"}],"predecessor-version":[{"id":80,"href":"https:\/\/kehler-bulle.de\/index.php?rest_route=\/wp\/v2\/pages\/4\/revisions\/80"}],"wp:attachment":[{"href":"https:\/\/kehler-bulle.de\/index.php?rest_route=%2Fwp%2Fv2%2Fmedia&parent=4"}],"curies":[{"name":"wp","href":"https:\/\/api.w.org\/{rel}","templated":true}]}}